{"id":3442,"date":"2019-11-21T17:30:12","date_gmt":"2019-11-21T14:30:12","guid":{"rendered":"https:\/\/physiopharma.bg\/?page_id=3442"},"modified":"2019-11-21T17:35:01","modified_gmt":"2019-11-21T14:35:01","slug":"about-us","status":"publish","type":"page","link":"https:\/\/physiopharma.bg\/fr\/about-us\/","title":{"rendered":"Nous Concernant"},"content":{"rendered":"<div class=\"wpb-content-wrapper\"><p>[vc_row full_width=&#8221;stretch_row_content_no_spaces&#8221;][vc_column][tmc_multi_section title=&#8221;POURQUOI NOUS CHOISIR&#8221; whychooseus_box1_title=&#8221;Notre Vision&#8221; whychooseus_box1_icon=&#8221;fa fa-binoculars&#8221; whychooseus_box1_text=&#8221; \u00catre un partenaire innovant qui offre une valeur durable et une performance de pointe. De l\u2019\u00e9quipe de direction \u00e0 nos nouveaux coll\u00e8gues, tous nos efforts r\u00e9unis produiront une qualit\u00e9 de produit et de service encore plus \u00e9lev\u00e9e que jamais. \u00catre la meilleure entreprise choisie par les investisseurs, le personnel et les parties prenantes.&#8221; whychooseus_box2_title=&#8221;Nos Valeurs&#8221; whychooseus_box2_icon=&#8221;fa fa-anchor&#8221; whychooseus_box2_text=&#8221; Int\u00e9grit\u00e9, humilit\u00e9, responsabilit\u00e9, passion et conscience des co\u00fbts. Nous sommes fiers de fournir un service collaboratif, proactif et fiable proposant et commercialisant des produits qui d\u00e9passent toutes les attentes. Maximiser le bonheur et la valeur des employ\u00e9s, clients et partenaires.&#8221; whychooseus_box3_title=&#8221;Notre Mission&#8221; whychooseus_box3_icon=&#8221;fa fa-bullseye&#8221; whychooseus_box3_text=&#8221; Nous nous concentrons sur nos objectifs pour les atteindre et sur les strat\u00e9gies de leadership afin d atteindre l\u2019excellence op\u00e9rationnelle. Fournir des services et des produits offrant une possibilit\u00e9 de libert\u00e9 financi\u00e8re aux personnes de tous horizons.&#8221; line_five=&#8221;Vestibulum id ligula&#8221; line_six=&#8221;Mattis Fringilla Ultricies&#8221; line_seven=&#8221;Egestas Fermentum&#8221; line_eight=&#8221;Adipiscing Vulputate&#8221;]Nous sommes fiers de vous \u00a0pr\u00e9senter une \u00e9quipe de professionnels hautement qualifi\u00e9s et certifi\u00e9s, passionn\u00e9s et d\u00e9vou\u00e9s \u00e0 nos clients.<br \/>\nNous pensons qu&#8217;un changement significatif et productif ne peut se produire qu&#8217;en examinant les d\u00e9fis et les opportunit\u00e9s sous de nouveaux angles et en faisant preuve de r\u00e9activit\u00e9.[\/tmc_multi_section][\/vc_column][\/vc_row][vc_row full_width=&#8221;stretch_row&#8221; disable_element=&#8221;yes&#8221; el_class=&#8221;history-section&#8221;][vc_column][tmc_heading tag=&#8221;h3&#8243; title=&#8221;COMPANY HISTORY&#8221; container_class=&#8221;col-md-12 text-center&#8221; el_class=&#8221;margbt44&#8243;][vc_row_inner][vc_column_inner width=&#8221;1\/4&#8243;][tmc_single_section layout=&#8221;company_history&#8221; year=&#8221;1982&#8243; title=&#8221;Humble beginnings&#8221; image=&#8221;454&#8243;]<\/p>\n<p class=\"line-height26\">Lorem ipsum dolor sit amet, consectetur adipiscing elit. Pellentesque ut maximus.<\/p>\n<p>[\/tmc_single_section][\/vc_column_inner][vc_column_inner width=&#8221;1\/4&#8243;][tmc_single_section layout=&#8221;company_history&#8221; year=&#8221;1985&#8243; title=&#8221;New headquarters&#8221; image=&#8221;456&#8243;]<\/p>\n<p class=\"line-height26\">Lorem ipsum dolor sit amet, consectetur adipiscing elit. Pellentesque ut maximus.<\/p>\n<p>[\/tmc_single_section][\/vc_column_inner][vc_column_inner width=&#8221;1\/4&#8243;][tmc_single_section layout=&#8221;company_history&#8221; year=&#8221;2010&#8243; title=&#8221;Opening 5 new locations&#8221; image=&#8221;458&#8243;]<\/p>\n<p class=\"line-height26\">Lorem ipsum dolor sit amet, consectetur adipiscing elit. Pellentesque ut maximus.<\/p>\n<p>[\/tmc_single_section][\/vc_column_inner][vc_column_inner width=&#8221;1\/4&#8243;][tmc_single_section layout=&#8221;company_history&#8221; year=&#8221;2017&#8243; title=&#8221;World wide coverage&#8221; image=&#8221;459&#8243;]<\/p>\n<p class=\"line-height26\">Lorem ipsum dolor sit amet, consectetur adipiscing elit. Pellentesque ut maximus.<\/p>\n<p>[\/tmc_single_section][\/vc_column_inner][\/vc_row_inner][\/vc_column][\/vc_row][vc_row disable_element=&#8221;yes&#8221; el_class=&#8221;.pad95-100-top-bottom tabb&#8221;][vc_column width=&#8221;1\/2&#8243;][vc_single_image image=&#8221;2305&#8243; img_size=&#8221;full&#8221;][\/vc_column][vc_column width=&#8221;1\/2&#8243;][vc_column_text]<\/p>\n<div class=\"hight-level-section\">\n<h2>In quality assurance a constant effort is made to enhance the quality practices in the organization.<\/h2>\n<\/div>\n<p>[\/vc_column_text][vc_tta_tabs][vc_tta_section i_icon_fontawesome=&#8221;fa fa-eye&#8221; add_icon=&#8221;true&#8221; title=&#8221;Vision&#8221; tab_id=&#8221;1547554898857-9f6d8fe1-8254&#8243; el_class=&#8221;vision-icon&#8221;][vc_column_text]Lorem ipsum dolor sit amet, consectetur adipiscing elit, sed do eiusmod tempor incididunt ut labore et dolore magna aliqua.<\/p>\n<p>Lorem ipsum dolor sit amet, consectetur adipiscing elit, sed do eiusmod tempor incididunt ut labore et dolore magna aliqua.[\/vc_column_text][\/vc_tta_section][vc_tta_section i_icon_fontawesome=&#8221;fa fa-line-chart&#8221; add_icon=&#8221;true&#8221; title=&#8221;Values&#8221; tab_id=&#8221;1547554898902-89359c15-5dbc&#8221; el_class=&#8221;value-icon&#8221;][vc_column_text]Lorem ipsum dolor sit amet, consectetur adipiscing elit, sed do eiusmod tempor incididunt ut labore et dolore magna aliqua.<\/p>\n<p>Lorem ipsum dolor sit amet, consectetur adipiscing elit, sed do eiusmod tempor incididunt ut labore et dolore magna aliqua.[\/vc_column_text][\/vc_tta_section][vc_tta_section i_icon_fontawesome=&#8221;fa fa-rocket&#8221; add_icon=&#8221;true&#8221; title=&#8221;Mission&#8221; tab_id=&#8221;1547555007129-872147ab-78ab&#8221; el_class=&#8221;mission-icon&#8221;][vc_column_text]Lorem ipsum dolor sit amet, consectetur adipiscing elit, sed do eiusmod tempor incididunt ut labore et dolore magna aliqua.<\/p>\n<p>Lorem ipsum dolor sit amet, consectetur adipiscing elit, sed do eiusmod tempor incididunt ut labore et dolore magna aliqua.[\/vc_column_text][\/vc_tta_section][\/vc_tta_tabs][\/vc_column][\/vc_row][vc_row disable_element=&#8221;yes&#8221;][vc_column][vc_column_text]<\/p>\n<p>[\/vc_column_text][\/vc_column][\/vc_row][vc_row full_width=&#8221;stretch_row_content_no_spaces&#8221;][vc_column][tmc_single_section layout=&#8221;static&#8221; title=&#8221;Statistiques importants&#8221; line_one=&#8221;Les clients&#8221; line_two=&#8221;Projects&#8221; line_three=&#8221;Des ann\u00e9es d&#8217;exp\u00e9rience&#8221; number=&#8221;353&#8243; number_two=&#8221;879&#8243; number_three=&#8221;7&#8243; number_four=&#8221;3150&#8243; line_four=&#8221;SKUs&#8221;]<\/p>\n<p class=\"fnt-18\">Laissez les chiffres vous GUIDER\u2026<\/p>\n<p>[\/tmc_single_section][\/vc_column][\/vc_row][vc_row disable_element=&#8221;yes&#8221; el_class=&#8221;experiecnce-section&#8221;][vc_column][tmc_heading tag=&#8221;h3&#8243; title=&#8221;EXPERIENCED TEAM&#8221; container_class=&#8221;col-md-12 text-center&#8221; el_class=&#8221;margbt44&#8243;][tmc_team layout=&#8221;company&#8221; categoriesname=&#8221;Company&#8221; number=&#8221;4&#8243; column=&#8221;4&#8243;][\/vc_column][\/vc_row]<\/p>\n<\/div>","protected":false},"excerpt":{"rendered":"<p>[vc_row full_width=&#8221;stretch_row_content_no_spaces&#8221;][vc_column][tmc_multi_section title=&#8221;POURQUOI NOUS CHOISIR&#8221; whychooseus_box1_title=&#8221;Notre Vision&#8221; whychooseus_box1_icon=&#8221;fa fa-binoculars&#8221; whychooseus_box1_text=&#8221; \u00catre un partenaire innovant qui offre une valeur durable et une performance de pointe. De l\u2019\u00e9quipe de direction \u00e0 nos nouveaux coll\u00e8gues, tous nos efforts r\u00e9unis produiront une qualit\u00e9 de produit et de service encore plus \u00e9lev\u00e9e que jamais. \u00catre la meilleure entreprise choisie par [&hellip;]<\/p>\n","protected":false},"author":1,"featured_media":0,"parent":0,"menu_order":0,"comment_status":"closed","ping_status":"closed","template":"","meta":{"footnotes":""},"class_list":["post-3442","page","type-page","status-publish","hentry"],"_links":{"self":[{"href":"https:\/\/physiopharma.bg\/fr\/wp-json\/wp\/v2\/pages\/3442","targetHints":{"allow":["GET"]}}],"collection":[{"href":"https:\/\/physiopharma.bg\/fr\/wp-json\/wp\/v2\/pages"}],"about":[{"href":"https:\/\/physiopharma.bg\/fr\/wp-json\/wp\/v2\/types\/page"}],"author":[{"embeddable":true,"href":"https:\/\/physiopharma.bg\/fr\/wp-json\/wp\/v2\/users\/1"}],"replies":[{"embeddable":true,"href":"https:\/\/physiopharma.bg\/fr\/wp-json\/wp\/v2\/comments?post=3442"}],"version-history":[{"count":5,"href":"https:\/\/physiopharma.bg\/fr\/wp-json\/wp\/v2\/pages\/3442\/revisions"}],"predecessor-version":[{"id":3447,"href":"https:\/\/physiopharma.bg\/fr\/wp-json\/wp\/v2\/pages\/3442\/revisions\/3447"}],"wp:attachment":[{"href":"https:\/\/physiopharma.bg\/fr\/wp-json\/wp\/v2\/media?parent=3442"}],"curies":[{"name":"wp","href":"https:\/\/api.w.org\/{rel}","templated":true}]}}