{"id":3450,"date":"2019-11-21T17:36:53","date_gmt":"2019-11-21T14:36:53","guid":{"rendered":"https:\/\/physiopharma.bg\/?page_id=3450"},"modified":"2019-11-21T17:38:30","modified_gmt":"2019-11-21T14:38:30","slug":"all-services","status":"publish","type":"page","link":"https:\/\/physiopharma.bg\/fr\/all-services\/","title":{"rendered":"Services"},"content":{"rendered":"<div class=\"wpb-content-wrapper\"><p>[vc_row el_class=&#8221;pad100-50-top-bottom floatLeft&#8221;][vc_column css=&#8221;.vc_custom_1536755519835{padding-right: 0px !important;padding-left: 0px !important;}&#8221; el_class=&#8221;service_page&#8221;][tmc_single_section layout=&#8221;heading_text_two&#8221; title=&#8221;NOS SERVICES&#8221; el_class=&#8221;service-head other-heading&#8221;]Physiopharma est extr\u00eamement fi\u00e8re de poursuivre les objectifs de ses clients et d&#8217;optimiser leurs activit\u00e9s au maximum. Ensemble, nous pouvons combiner, ajouter et modifier des services \u00e0 partir de notre menu de services jusqu&#8217;\u00e0 ce que nous ayons cr\u00e9\u00e9 le service id\u00e9al pour vous.[\/tmc_single_section][tmc_services layout=&#8221;layout2&#8243; orderby=&#8221;date&#8221; number=&#8221;6&#8243; column=&#8221;3&#8243; read_more=&#8221;Lire la suite&#8221;][\/vc_column][\/vc_row]<\/p>\n<\/div>","protected":false},"excerpt":{"rendered":"<p>[vc_row el_class=&#8221;pad100-50-top-bottom floatLeft&#8221;][vc_column css=&#8221;.vc_custom_1536755519835{padding-right: 0px !important;padding-left: 0px !important;}&#8221; el_class=&#8221;service_page&#8221;][tmc_single_section layout=&#8221;heading_text_two&#8221; title=&#8221;NOS SERVICES&#8221; el_class=&#8221;service-head other-heading&#8221;]Physiopharma est extr\u00eamement fi\u00e8re de poursuivre les objectifs de ses clients et d&#8217;optimiser leurs activit\u00e9s au maximum. Ensemble, nous pouvons combiner, ajouter et modifier des services \u00e0 partir de notre menu de services jusqu&#8217;\u00e0 ce que nous ayons cr\u00e9\u00e9 le service id\u00e9al [&hellip;]<\/p>\n","protected":false},"author":1,"featured_media":0,"parent":0,"menu_order":0,"comment_status":"closed","ping_status":"closed","template":"","meta":{"footnotes":""},"class_list":["post-3450","page","type-page","status-publish","hentry"],"_links":{"self":[{"href":"https:\/\/physiopharma.bg\/fr\/wp-json\/wp\/v2\/pages\/3450","targetHints":{"allow":["GET"]}}],"collection":[{"href":"https:\/\/physiopharma.bg\/fr\/wp-json\/wp\/v2\/pages"}],"about":[{"href":"https:\/\/physiopharma.bg\/fr\/wp-json\/wp\/v2\/types\/page"}],"author":[{"embeddable":true,"href":"https:\/\/physiopharma.bg\/fr\/wp-json\/wp\/v2\/users\/1"}],"replies":[{"embeddable":true,"href":"https:\/\/physiopharma.bg\/fr\/wp-json\/wp\/v2\/comments?post=3450"}],"version-history":[{"count":3,"href":"https:\/\/physiopharma.bg\/fr\/wp-json\/wp\/v2\/pages\/3450\/revisions"}],"predecessor-version":[{"id":3453,"href":"https:\/\/physiopharma.bg\/fr\/wp-json\/wp\/v2\/pages\/3450\/revisions\/3453"}],"wp:attachment":[{"href":"https:\/\/physiopharma.bg\/fr\/wp-json\/wp\/v2\/media?parent=3450"}],"curies":[{"name":"wp","href":"https:\/\/api.w.org\/{rel}","templated":true}]}}