{"id":3683,"date":"2019-11-27T17:49:14","date_gmt":"2019-11-27T14:49:14","guid":{"rendered":"https:\/\/physiopharma.bg\/?page_id=3683"},"modified":"2019-12-02T13:35:22","modified_gmt":"2019-12-02T10:35:22","slug":"about-us","status":"publish","type":"page","link":"https:\/\/physiopharma.bg\/sv\/about-us\/","title":{"rendered":"Om Oss"},"content":{"rendered":"<div class=\"wpb-content-wrapper\"><p>[vc_row full_width=&#8221;stretch_row_content_no_spaces&#8221;][vc_column][tmc_multi_section title=&#8221;VARF\u00d6R V\u00c4LJA OSS&#8221; whychooseus_box1_title=&#8221;V\u00e5r Vision&#8221; whychooseus_box1_icon=&#8221;fa fa-binoculars&#8221; whychooseus_box1_text=&#8221;Alltid med respekt f\u00f6r v\u00e5ra partnerskap och naturligtvis innovation och h\u00f6ga prestanda. Fr\u00e5n de mest ledande befattningshavarna till n\u00e5gon av v\u00e5ra f\u00f6retagspartners arbetar vi h\u00e5rt f\u00f6r att lyfta ditt f\u00f6retag \u00e4nnu h\u00f6gre och det ger oss enorm arbetsgl\u00e4dje. Vi \u00e4r ett f\u00f6retag som \u00e4r v\u00e4nligt mot investeringar, pengemarknader men fr\u00e4mst m\u00e4nskliga.&#8221; whychooseus_box2_title=&#8221;V\u00e5ra V\u00e4rderingar&#8221; whychooseus_box2_icon=&#8221;fa fa-anchor&#8221; whychooseus_box2_text=&#8221;Var alltid ett steg fram\u00e5t med innovation, tillf\u00f6rlitlighet, stabilitet och f\u00f6renkling av f\u00f6rfaranden. Din tid \u00e4r lika v\u00e4rdefull som v\u00e5ra pengar och det \u00e4r v\u00e5r skyldighet att respektera varje minut som du litar p\u00e5 oss och tackar f\u00f6r det.&#8221; whychooseus_box3_title=&#8221;V\u00e5rt Uppdrag&#8221; whychooseus_box3_icon=&#8221;fa fa-bullseye&#8221; whychooseus_box3_text=&#8221;Erbjud ditt f\u00f6retag den framg\u00e5ng som du f\u00f6rest\u00e4llde dig f\u00f6r det och dela din vision. Beskriv det bara och ge oss m\u00f6jlighet att genomf\u00f6ra det.&#8221; line_five=&#8221;Vestibulum id ligula&#8221; line_six=&#8221;Mattis Fringilla Ultricies&#8221; line_seven=&#8221;Egestas Fermentum&#8221; line_eight=&#8221;Adipiscing Vulputate&#8221;]F\u00f6r den uppriktighet, professionalism och smak som skiljer oss. Vi tror p\u00e5 m\u00e4nniskor, vi tror p\u00e5 lagar, vi tror p\u00e5 utveckling. Vi tror p\u00e5 dig![\/tmc_multi_section][\/vc_column][\/vc_row][vc_row full_width=&#8221;stretch_row&#8221; disable_element=&#8221;yes&#8221; el_class=&#8221;history-section&#8221;][vc_column][tmc_heading tag=&#8221;h3&#8243; title=&#8221;COMPANY HISTORY&#8221; container_class=&#8221;col-md-12 text-center&#8221; el_class=&#8221;margbt44&#8243;][vc_row_inner][vc_column_inner width=&#8221;1\/4&#8243;][tmc_single_section layout=&#8221;company_history&#8221; year=&#8221;1982&#8243; title=&#8221;Humble beginnings&#8221; image=&#8221;454&#8243;]<\/p>\n<p class=\"line-height26\">Lorem ipsum dolor sit amet, consectetur adipiscing elit. Pellentesque ut maximus.<\/p>\n<p>[\/tmc_single_section][\/vc_column_inner][vc_column_inner width=&#8221;1\/4&#8243;][tmc_single_section layout=&#8221;company_history&#8221; year=&#8221;1985&#8243; title=&#8221;New headquarters&#8221; image=&#8221;456&#8243;]<\/p>\n<p class=\"line-height26\">Lorem ipsum dolor sit amet, consectetur adipiscing elit. Pellentesque ut maximus.<\/p>\n<p>[\/tmc_single_section][\/vc_column_inner][vc_column_inner width=&#8221;1\/4&#8243;][tmc_single_section layout=&#8221;company_history&#8221; year=&#8221;2010&#8243; title=&#8221;Opening 5 new locations&#8221; image=&#8221;458&#8243;]<\/p>\n<p class=\"line-height26\">Lorem ipsum dolor sit amet, consectetur adipiscing elit. Pellentesque ut maximus.<\/p>\n<p>[\/tmc_single_section][\/vc_column_inner][vc_column_inner width=&#8221;1\/4&#8243;][tmc_single_section layout=&#8221;company_history&#8221; year=&#8221;2017&#8243; title=&#8221;World wide coverage&#8221; image=&#8221;459&#8243;]<\/p>\n<p class=\"line-height26\">Lorem ipsum dolor sit amet, consectetur adipiscing elit. Pellentesque ut maximus.<\/p>\n<p>[\/tmc_single_section][\/vc_column_inner][\/vc_row_inner][\/vc_column][\/vc_row][vc_row disable_element=&#8221;yes&#8221; el_class=&#8221;.pad95-100-top-bottom tabb&#8221;][vc_column width=&#8221;1\/2&#8243;][vc_single_image image=&#8221;3556&#8243; img_size=&#8221;full&#8221;][\/vc_column][vc_column width=&#8221;1\/2&#8243;][vc_column_text]<\/p>\n<div class=\"hight-level-section\">\n<h2>In quality assurance a constant effort is made to enhance the quality practices in the organization.<\/h2>\n<\/div>\n<p>[\/vc_column_text][vc_tta_tabs][vc_tta_section i_icon_fontawesome=&#8221;fa fa-eye&#8221; add_icon=&#8221;true&#8221; title=&#8221;Vision&#8221; tab_id=&#8221;1547554898857-9f6d8fe1-8254&#8243; el_class=&#8221;vision-icon&#8221;][vc_column_text]Lorem ipsum dolor sit amet, consectetur adipiscing elit, sed do eiusmod tempor incididunt ut labore et dolore magna aliqua.<\/p>\n<p>Lorem ipsum dolor sit amet, consectetur adipiscing elit, sed do eiusmod tempor incididunt ut labore et dolore magna aliqua.[\/vc_column_text][\/vc_tta_section][vc_tta_section i_icon_fontawesome=&#8221;fa fa-line-chart&#8221; add_icon=&#8221;true&#8221; title=&#8221;Values&#8221; tab_id=&#8221;1547554898902-89359c15-5dbc&#8221; el_class=&#8221;value-icon&#8221;][vc_column_text]Lorem ipsum dolor sit amet, consectetur adipiscing elit, sed do eiusmod tempor incididunt ut labore et dolore magna aliqua.<\/p>\n<p>Lorem ipsum dolor sit amet, consectetur adipiscing elit, sed do eiusmod tempor incididunt ut labore et dolore magna aliqua.[\/vc_column_text][\/vc_tta_section][vc_tta_section i_icon_fontawesome=&#8221;fa fa-rocket&#8221; add_icon=&#8221;true&#8221; title=&#8221;Mission&#8221; tab_id=&#8221;1547555007129-872147ab-78ab&#8221; el_class=&#8221;mission-icon&#8221;][vc_column_text]Lorem ipsum dolor sit amet, consectetur adipiscing elit, sed do eiusmod tempor incididunt ut labore et dolore magna aliqua.<\/p>\n<p>Lorem ipsum dolor sit amet, consectetur adipiscing elit, sed do eiusmod tempor incididunt ut labore et dolore magna aliqua.[\/vc_column_text][\/vc_tta_section][\/vc_tta_tabs][\/vc_column][\/vc_row][vc_row disable_element=&#8221;yes&#8221;][vc_column][vc_column_text]<\/p>\n<p>[\/vc_column_text][\/vc_column][\/vc_row][vc_row full_width=&#8221;stretch_row_content_no_spaces&#8221;][vc_column][tmc_single_section layout=&#8221;static&#8221; title=&#8221;VIKTIGT STATISTIK&#8221; line_one=&#8221;KUNDER&#8221; line_two=&#8221;VERK&#8221; line_three=&#8221;\u00c5RS ERFARENHET&#8221; number=&#8221;353&#8243; number_two=&#8221;879&#8243; number_three=&#8221;7&#8243; number_four=&#8221;3150&#8243; line_four=&#8221;SKUs&#8221;]<\/p>\n<p class=\"fnt-18\">Siffrorna talar &#8230;.<\/p>\n<p>[\/tmc_single_section][\/vc_column][\/vc_row][vc_row disable_element=&#8221;yes&#8221; el_class=&#8221;experiecnce-section&#8221;][vc_column][tmc_heading tag=&#8221;h3&#8243; title=&#8221;EXPERIENCED TEAM&#8221; container_class=&#8221;col-md-12 text-center&#8221; el_class=&#8221;margbt44&#8243;][tmc_team layout=&#8221;company&#8221; categoriesname=&#8221;Company&#8221; number=&#8221;4&#8243; column=&#8221;4&#8243;][\/vc_column][\/vc_row]<\/p>\n<\/div>","protected":false},"excerpt":{"rendered":"<p>[vc_row full_width=&#8221;stretch_row_content_no_spaces&#8221;][vc_column][tmc_multi_section title=&#8221;VARF\u00d6R V\u00c4LJA OSS&#8221; whychooseus_box1_title=&#8221;V\u00e5r Vision&#8221; whychooseus_box1_icon=&#8221;fa fa-binoculars&#8221; whychooseus_box1_text=&#8221;Alltid med respekt f\u00f6r v\u00e5ra partnerskap och naturligtvis innovation och h\u00f6ga prestanda. Fr\u00e5n de mest ledande befattningshavarna till n\u00e5gon av v\u00e5ra f\u00f6retagspartners arbetar vi h\u00e5rt f\u00f6r att lyfta ditt f\u00f6retag \u00e4nnu h\u00f6gre och det ger oss enorm arbetsgl\u00e4dje. Vi \u00e4r ett f\u00f6retag som \u00e4r v\u00e4nligt mot [&hellip;]<\/p>\n","protected":false},"author":1,"featured_media":0,"parent":0,"menu_order":0,"comment_status":"closed","ping_status":"closed","template":"","meta":{"footnotes":""},"class_list":["post-3683","page","type-page","status-publish","hentry"],"_links":{"self":[{"href":"https:\/\/physiopharma.bg\/sv\/wp-json\/wp\/v2\/pages\/3683","targetHints":{"allow":["GET"]}}],"collection":[{"href":"https:\/\/physiopharma.bg\/sv\/wp-json\/wp\/v2\/pages"}],"about":[{"href":"https:\/\/physiopharma.bg\/sv\/wp-json\/wp\/v2\/types\/page"}],"author":[{"embeddable":true,"href":"https:\/\/physiopharma.bg\/sv\/wp-json\/wp\/v2\/users\/1"}],"replies":[{"embeddable":true,"href":"https:\/\/physiopharma.bg\/sv\/wp-json\/wp\/v2\/comments?post=3683"}],"version-history":[{"count":7,"href":"https:\/\/physiopharma.bg\/sv\/wp-json\/wp\/v2\/pages\/3683\/revisions"}],"predecessor-version":[{"id":3905,"href":"https:\/\/physiopharma.bg\/sv\/wp-json\/wp\/v2\/pages\/3683\/revisions\/3905"}],"wp:attachment":[{"href":"https:\/\/physiopharma.bg\/sv\/wp-json\/wp\/v2\/media?parent=3683"}],"curies":[{"name":"wp","href":"https:\/\/api.w.org\/{rel}","templated":true}]}}