{"id":3690,"date":"2019-11-27T18:06:36","date_gmt":"2019-11-27T15:06:36","guid":{"rendered":"https:\/\/physiopharma.bg\/?page_id=3690"},"modified":"2019-12-02T13:35:48","modified_gmt":"2019-12-02T10:35:48","slug":"all-services","status":"publish","type":"page","link":"https:\/\/physiopharma.bg\/sv\/all-services\/","title":{"rendered":"Tj\u00e4nster"},"content":{"rendered":"<div class=\"wpb-content-wrapper\"><p>[vc_row el_class=&#8221;pad100-50-top-bottom floatLeft&#8221;][vc_column css=&#8221;.vc_custom_1536755519835{padding-right: 0px !important;padding-left: 0px !important;}&#8221; el_class=&#8221;service_page&#8221;][tmc_single_section layout=&#8221;heading_text_two&#8221; title=&#8221;V\u00e5ra Tj\u00e4nster&#8221; el_class=&#8221;service-head other-heading&#8221;]<\/p>\n<p class=\"fnt-18\">Enligt v\u00e5r amerikanska servicemodell \u00e4r v\u00e5rt f\u00f6retag en modern och standardorganisation som tillhandah\u00e5ller kompletta l\u00f6sningar f\u00f6r att tillgodose behoven i ditt f\u00f6retag i regi av en stor organisation som hj\u00e4lper och hanterar ditt f\u00f6retag fr\u00e5n b\u00f6rjan till slut. En ny generation tj\u00e4nster fr\u00e5n Physiopharma.<\/p>\n<p>[\/tmc_single_section][tmc_services layout=&#8221;layout2&#8243; orderby=&#8221;date&#8221; number=&#8221;6&#8243; column=&#8221;3&#8243; read_more=&#8221;L\u00e4s mer&#8221;][\/vc_column][\/vc_row]<\/p>\n<\/div>","protected":false},"excerpt":{"rendered":"<p>[vc_row el_class=&#8221;pad100-50-top-bottom floatLeft&#8221;][vc_column css=&#8221;.vc_custom_1536755519835{padding-right: 0px !important;padding-left: 0px !important;}&#8221; el_class=&#8221;service_page&#8221;][tmc_single_section layout=&#8221;heading_text_two&#8221; title=&#8221;V\u00e5ra Tj\u00e4nster&#8221; el_class=&#8221;service-head other-heading&#8221;] Enligt v\u00e5r amerikanska servicemodell \u00e4r v\u00e5rt f\u00f6retag en modern och standardorganisation som tillhandah\u00e5ller kompletta l\u00f6sningar f\u00f6r att tillgodose behoven i ditt f\u00f6retag i regi av en stor organisation som hj\u00e4lper och hanterar ditt f\u00f6retag fr\u00e5n b\u00f6rjan till slut. En ny generation [&hellip;]<\/p>\n","protected":false},"author":1,"featured_media":0,"parent":0,"menu_order":0,"comment_status":"closed","ping_status":"closed","template":"","meta":{"footnotes":""},"class_list":["post-3690","page","type-page","status-publish","hentry"],"_links":{"self":[{"href":"https:\/\/physiopharma.bg\/sv\/wp-json\/wp\/v2\/pages\/3690","targetHints":{"allow":["GET"]}}],"collection":[{"href":"https:\/\/physiopharma.bg\/sv\/wp-json\/wp\/v2\/pages"}],"about":[{"href":"https:\/\/physiopharma.bg\/sv\/wp-json\/wp\/v2\/types\/page"}],"author":[{"embeddable":true,"href":"https:\/\/physiopharma.bg\/sv\/wp-json\/wp\/v2\/users\/1"}],"replies":[{"embeddable":true,"href":"https:\/\/physiopharma.bg\/sv\/wp-json\/wp\/v2\/comments?post=3690"}],"version-history":[{"count":6,"href":"https:\/\/physiopharma.bg\/sv\/wp-json\/wp\/v2\/pages\/3690\/revisions"}],"predecessor-version":[{"id":3906,"href":"https:\/\/physiopharma.bg\/sv\/wp-json\/wp\/v2\/pages\/3690\/revisions\/3906"}],"wp:attachment":[{"href":"https:\/\/physiopharma.bg\/sv\/wp-json\/wp\/v2\/media?parent=3690"}],"curies":[{"name":"wp","href":"https:\/\/api.w.org\/{rel}","templated":true}]}}