{"id":3701,"date":"2019-11-27T18:20:06","date_gmt":"2019-11-27T15:20:06","guid":{"rendered":"https:\/\/physiopharma.bg\/?page_id=3701"},"modified":"2019-12-02T13:27:28","modified_gmt":"2019-12-02T10:27:28","slug":"contact-us","status":"publish","type":"page","link":"https:\/\/physiopharma.bg\/sv\/contact-us\/","title":{"rendered":"Kontakta Oss"},"content":{"rendered":"<div class=\"wpb-content-wrapper\"><p>[vc_section el_class=&#8221;pad100-top-bottom contactfrm&#8221;][vc_row][vc_column][tmc_contact_info add_title=&#8221;Plats&#8221; add_text=&#8221;Vladimir Vazov 21, Sofia , Bulgarien | Dobri Hristov 3, Sofia , Bulgarien&#8221; phn_title=&#8221;Call Center&#8221; phn_text=&#8221;+359 2 492 9286&#8243; eml_title=&#8221;Email&#8221; eml_text=&#8221;info@physiopharma.bg&#8221; add_image=&#8221;291&#8243; phn_image=&#8221;293&#8243; eml_image=&#8221;294&#8243;][\/vc_column][\/vc_row][vc_row el_class=&#8221;row text-center contactform&#8221;][vc_column][vc_custom_heading text=&#8221;Fyll i kontaktformul\u00e4ret&#8221; font_container=&#8221;tag:h3|text_align:center&#8221; use_theme_fonts=&#8221;yes&#8221; el_class=&#8221;mar-btm30&#8243;][vc_custom_heading text=&#8221;s\u00e5 kommer vi tillbaka till dig s\u00e5 snart som m\u00f6jligt.&#8221; font_container=&#8221;tag:p|text_align:center&#8221; use_theme_fonts=&#8221;yes&#8221; el_class=&#8221;fnt-18&#8243;]\n<div class=\"wpcf7 no-js\" id=\"wpcf7-f3705-o1\" lang=\"sv-SE\" dir=\"ltr\" data-wpcf7-id=\"3705\">\n<div class=\"screen-reader-response\"><p role=\"status\" aria-live=\"polite\" aria-atomic=\"true\"><\/p> <ul><\/ul><\/div>\n<form action=\"\/sv\/wp-json\/wp\/v2\/pages\/3701#wpcf7-f3705-o1\" method=\"post\" class=\"wpcf7-form init\" aria-label=\"Kontaktformul\u00e4r\" novalidate=\"novalidate\" data-status=\"init\">\n<div style=\"display: none;\">\n<input type=\"hidden\" name=\"_wpcf7\" value=\"3705\" \/>\n<input type=\"hidden\" name=\"_wpcf7_version\" value=\"6.0.5\" \/>\n<input type=\"hidden\" name=\"_wpcf7_locale\" value=\"sv_SE\" \/>\n<input type=\"hidden\" name=\"_wpcf7_unit_tag\" value=\"wpcf7-f3705-o1\" \/>\n<input type=\"hidden\" name=\"_wpcf7_container_post\" value=\"0\" \/>\n<input type=\"hidden\" name=\"_wpcf7_posted_data_hash\" value=\"\" \/>\n<input type=\"hidden\" name=\"_wpcf7_recaptcha_response\" value=\"\" \/>\n<\/div>\n<p><label> Fullst\u00e4ndigt namn (obligatoriskt)<br \/>\n<span class=\"wpcf7-form-control-wrap\" data-name=\"your-name\"><input size=\"40\" maxlength=\"400\" class=\"wpcf7-form-control wpcf7-text wpcf7-validates-as-required\" aria-required=\"true\" aria-invalid=\"false\" value=\"\" type=\"text\" name=\"your-name\" \/><\/span> <\/label>\n<\/p>\n<p><label> E-post (obligatoriskt)<br \/>\n<span class=\"wpcf7-form-control-wrap\" data-name=\"your-email\"><input size=\"40\" maxlength=\"400\" class=\"wpcf7-form-control wpcf7-email wpcf7-validates-as-required wpcf7-text wpcf7-validates-as-email\" aria-required=\"true\" aria-invalid=\"false\" value=\"\" type=\"email\" name=\"your-email\" \/><\/span> <\/label>\n<\/p>\n<p><label> Tema<br \/>\n<span class=\"wpcf7-form-control-wrap\" data-name=\"your-subject\"><input size=\"40\" maxlength=\"400\" class=\"wpcf7-form-control wpcf7-text\" aria-invalid=\"false\" value=\"\" type=\"text\" name=\"your-subject\" \/><\/span> <\/label>\n<\/p>\n<p><label> Ditt meddelande<br \/>\n<span class=\"wpcf7-form-control-wrap\" data-name=\"your-message\"><textarea cols=\"40\" rows=\"10\" maxlength=\"2000\" class=\"wpcf7-form-control wpcf7-textarea\" aria-invalid=\"false\" name=\"your-message\"><\/textarea><\/span> <\/label>\n<\/p>\n<p><input class=\"wpcf7-form-control wpcf7-submit has-spinner\" type=\"submit\" value=\"Skicka nu\" \/>\n<\/p><p style=\"display: none !important;\" class=\"akismet-fields-container\" data-prefix=\"_wpcf7_ak_\"><label>&#916;<textarea name=\"_wpcf7_ak_hp_textarea\" cols=\"45\" rows=\"8\" maxlength=\"100\"><\/textarea><\/label><input type=\"hidden\" id=\"ak_js_1\" name=\"_wpcf7_ak_js\" value=\"184\"\/><script>document.getElementById( \"ak_js_1\" ).setAttribute( \"value\", ( new Date() ).getTime() );<\/script><\/p><div class=\"wpcf7-response-output\" aria-hidden=\"true\"><\/div>\n<\/form>\n<\/div>\n[\/vc_column][\/vc_row][\/vc_section][vc_row full_width=&#8221;stretch_row_content_no_spaces&#8221; el_class=&#8221;mapPadd&#8221;][vc_column][vc_gmaps link=&#8221;#E-8_JTIwJTNDaWZyYW1lJTIwc3JjJTNEJTIyaHR0cHMlM0ElMkYlMkZ3d3cuZ29vZ2xlLmNvbSUyRm1hcHMlMkZlbWJlZCUzRnBiJTNEJTIxMW0xOCUyMTFtMTIlMjExbTMlMjExZDI5MzEuODU3MTcwNjQxMTcxJTIxMmQyMy4zNTkzNjQzMTU4NTIxODMlMjEzZDQyLjcwNjc0NDk3OTE2NTE1JTIxMm0zJTIxMWYwJTIxMmYwJTIxM2YwJTIxM20yJTIxMWkxMDI0JTIxMmk3NjglMjE0ZjEzLjElMjEzbTMlMjExbTIlMjExczB4NDBhYThmN2I2NTUzOTY5MyUyNTNBMHhmMWM1ZGRkZmE3ODBkNzkwJTIxMnpZblZzTGlBaVZteGhaR2x0YVhJZ1ZtRjZiM1lpSURJeExDQXhOVEV3SUZOMFpXWmhiaUJMWVhKaFpIcG9ZU3dnVTI5bWFXRXNJTTZTenJfUGhjNjd6clBPc2MtQnpxX09zUSUyMTVlMCUyMTNtMiUyMTFzZWwlMjEyc2dyJTIxNHYxNTc1MDQyODA5NzUwJTIxNW0yJTIxMXNlbCUyMTJzZ3IlMjJ3aWR0aCUzRCUyMjE5MjAlMjIlMjBoZWlnaHQlM0QlMjI0MjElMjIlMjBzdHlsZSUzRCUyMmJvcmRlciUzQTAlMjIlMjBhbGxvd2Z1bGxzY3JlZW4lM0UlM0MlMkZpZnJhbWUlM0U=&#8221;][\/vc_column][\/vc_row][vc_row full_width=&#8221;stretch_row&#8221; disable_element=&#8221;yes&#8221; el_class=&#8221;stats&#8221;][vc_column][tmc_contact_icon][\/vc_column][\/vc_row]<\/p>\n<\/div>","protected":false},"excerpt":{"rendered":"<p>[vc_section el_class=&#8221;pad100-top-bottom contactfrm&#8221;][vc_row][vc_column][tmc_contact_info add_title=&#8221;Plats&#8221; add_text=&#8221;Vladimir Vazov 21, Sofia , Bulgarien | Dobri Hristov 3, Sofia , Bulgarien&#8221; phn_title=&#8221;Call Center&#8221; phn_text=&#8221;+359 2 492 9286&#8243; eml_title=&#8221;Email&#8221; eml_text=&#8221;info@physiopharma.bg&#8221; add_image=&#8221;291&#8243; phn_image=&#8221;293&#8243; eml_image=&#8221;294&#8243;][\/vc_column][\/vc_row][vc_row el_class=&#8221;row text-center contactform&#8221;][vc_column][vc_custom_heading text=&#8221;Fyll i kontaktformul\u00e4ret&#8221; font_container=&#8221;tag:h3|text_align:center&#8221; use_theme_fonts=&#8221;yes&#8221; el_class=&#8221;mar-btm30&#8243;][vc_custom_heading text=&#8221;s\u00e5 kommer vi tillbaka till dig s\u00e5 snart som m\u00f6jligt.&#8221; font_container=&#8221;tag:p|text_align:center&#8221; use_theme_fonts=&#8221;yes&#8221; el_class=&#8221;fnt-18&#8243;][\/vc_column][\/vc_row][\/vc_section][vc_row full_width=&#8221;stretch_row_content_no_spaces&#8221; el_class=&#8221;mapPadd&#8221;][vc_column][vc_gmaps link=&#8221;#E-8_JTIwJTNDaWZyYW1lJTIwc3JjJTNEJTIyaHR0cHMlM0ElMkYlMkZ3d3cuZ29vZ2xlLmNvbSUyRm1hcHMlMkZlbWJlZCUzRnBiJTNEJTIxMW0xOCUyMTFtMTIlMjExbTMlMjExZDI5MzEuODU3MTcwNjQxMTcxJTIxMmQyMy4zNTkzNjQzMTU4NTIxODMlMjEzZDQyLjcwNjc0NDk3OTE2NTE1JTIxMm0zJTIxMWYwJTIxMmYwJTIxM2YwJTIxM20yJTIxMWkxMDI0JTIxMmk3NjglMjE0ZjEzLjElMjEzbTMlMjExbTIlMjExczB4NDBhYThmN2I2NTUzOTY5MyUyNTNBMHhmMWM1ZGRkZmE3ODBkNzkwJTIxMnpZblZzTGlBaVZteGhaR2x0YVhJZ1ZtRjZiM1lpSURJeExDQXhOVEV3SUZOMFpXWmhiaUJMWVhKaFpIcG9ZU3dnVTI5bWFXRXNJTTZTenJfUGhjNjd6clBPc2MtQnpxX09zUSUyMTVlMCUyMTNtMiUyMTFzZWwlMjEyc2dyJTIxNHYxNTc1MDQyODA5NzUwJTIxNW0yJTIxMXNlbCUyMTJzZ3IlMjJ3aWR0aCUzRCUyMjE5MjAlMjIlMjBoZWlnaHQlM0QlMjI0MjElMjIlMjBzdHlsZSUzRCUyMmJvcmRlciUzQTAlMjIlMjBhbGxvd2Z1bGxzY3JlZW4lM0UlM0MlMkZpZnJhbWUlM0U=&#8221;][\/vc_column][\/vc_row][vc_row full_width=&#8221;stretch_row&#8221; disable_element=&#8221;yes&#8221; [&hellip;]<\/p>\n","protected":false},"author":1,"featured_media":0,"parent":0,"menu_order":0,"comment_status":"closed","ping_status":"closed","template":"","meta":{"footnotes":""},"class_list":["post-3701","page","type-page","status-publish","hentry"],"_links":{"self":[{"href":"https:\/\/physiopharma.bg\/sv\/wp-json\/wp\/v2\/pages\/3701","targetHints":{"allow":["GET"]}}],"collection":[{"href":"https:\/\/physiopharma.bg\/sv\/wp-json\/wp\/v2\/pages"}],"about":[{"href":"https:\/\/physiopharma.bg\/sv\/wp-json\/wp\/v2\/types\/page"}],"author":[{"embeddable":true,"href":"https:\/\/physiopharma.bg\/sv\/wp-json\/wp\/v2\/users\/1"}],"replies":[{"embeddable":true,"href":"https:\/\/physiopharma.bg\/sv\/wp-json\/wp\/v2\/comments?post=3701"}],"version-history":[{"count":7,"href":"https:\/\/physiopharma.bg\/sv\/wp-json\/wp\/v2\/pages\/3701\/revisions"}],"predecessor-version":[{"id":3903,"href":"https:\/\/physiopharma.bg\/sv\/wp-json\/wp\/v2\/pages\/3701\/revisions\/3903"}],"wp:attachment":[{"href":"https:\/\/physiopharma.bg\/sv\/wp-json\/wp\/v2\/media?parent=3701"}],"curies":[{"name":"wp","href":"https:\/\/api.w.org\/{rel}","templated":true}]}}